{"id":20957,"date":"2019-09-19T12:46:30","date_gmt":"2019-09-19T11:46:30","guid":{"rendered":"https:\/\/fknapredak.rs\/club-management\/"},"modified":"2025-07-30T11:37:00","modified_gmt":"2025-07-30T10:37:00","slug":"club-management","status":"publish","type":"page","link":"https:\/\/fknapredak.rs\/en\/club-management\/","title":{"rendered":"Club management"},"content":{"rendered":"\t\t<div data-elementor-type=\"wp-post\" data-elementor-id=\"20957\" class=\"elementor elementor-20957 elementor-2214\" data-elementor-post-type=\"page\">\n\t\t\t\t\t\t<section class=\"elementor-section elementor-top-section elementor-element elementor-element-b46cec5 elementor-section-height-min-height elementor-section-boxed elementor-section-height-default elementor-section-items-middle\" data-id=\"b46cec5\" data-element_type=\"section\" data-e-type=\"section\" data-settings=\"{&quot;background_background&quot;:&quot;classic&quot;}\">\n\t\t\t\t\t\t<div class=\"elementor-container elementor-column-gap-default\">\n\t\t\t\t\t<div class=\"elementor-column elementor-col-100 elementor-top-column elementor-element elementor-element-4459448\" data-id=\"4459448\" data-element_type=\"column\" data-e-type=\"column\">\n\t\t\t<div class=\"elementor-widget-wrap elementor-element-populated\">\n\t\t\t\t\t\t<div class=\"elementor-element elementor-element-467bbb6 elementor-widget elementor-widget-text-editor\" data-id=\"467bbb6\" data-element_type=\"widget\" data-e-type=\"widget\" data-widget_type=\"text-editor.default\">\n\t\t\t\t<div class=\"elementor-widget-container\">\n\t\t\t\t\t\t\t\t\tclub management\t\t\t\t\t\t\t\t<\/div>\n\t\t\t\t<\/div>\n\t\t\t\t\t<\/div>\n\t\t<\/div>\n\t\t\t\t\t<\/div>\n\t\t<\/section>\n\t\t\t\t<section class=\"elementor-section elementor-top-section elementor-element elementor-element-d39658d elementor-section-boxed elementor-section-height-default elementor-section-height-default\" data-id=\"d39658d\" data-element_type=\"section\" data-e-type=\"section\">\n\t\t\t\t\t\t<div class=\"elementor-container elementor-column-gap-default\">\n\t\t\t\t\t<div class=\"elementor-column elementor-col-50 elementor-top-column elementor-element elementor-element-4b2e60f\" data-id=\"4b2e60f\" data-element_type=\"column\" data-e-type=\"column\">\n\t\t\t<div class=\"elementor-widget-wrap elementor-element-populated\">\n\t\t\t\t\t\t<div class=\"elementor-element elementor-element-b6e7e08 elementor-widget__width-initial elementor-widget elementor-widget-text-editor\" data-id=\"b6e7e08\" data-element_type=\"widget\" data-e-type=\"widget\" data-widget_type=\"text-editor.default\">\n\t\t\t\t<div class=\"elementor-widget-container\">\n\t\t\t\t\t\t\t\t\t<table style=\"height: 486px;\" width=\"376\"><tbody><tr><td width=\"50%\"><b>Position<\/b><\/td><td><b>Full Name<\/b><\/td><\/tr><tr><td><b>Club President<\/b><\/td><td><span style=\"color: #333333;\">Milo\u0161 Nenezi\u0107<\/span><\/td><\/tr><tr><td><b>Assembly President<\/b><\/td><td><span style=\"color: #333333;\">Du\u0161an Stankovi\u0107<\/span><\/td><\/tr><tr><td><b>Club Vice President<\/b><\/td><td>Marko Mi\u0161kovi\u0107<\/td><\/tr><tr><td><b>Club Director<\/b><\/td><td><span style=\"color: #333333;\">Vladimir Arsi\u0107<\/span><\/td><\/tr><tr><td><b>General Secretary<\/b><\/td><td>Valentina Vasi\u0107<\/td><\/tr><tr><td><b>Financial Director<\/b><\/td><td>Tatjana Malini\u0107<\/td><\/tr><tr><td><b>Director of Football Development<\/b><\/td><td>Alen Melunovi\u0107<\/td><\/tr><tr><td><span style=\"color: #333333;\"><b>PR manager<\/b><\/span><\/td><td><span style=\"color: #333333;\">Sanja Milutinovi\u0107<\/span><\/td><\/tr><tr><td><b>Match Organization Officer<\/b><\/td><td><span style=\"color: #333333;\">Milan Jevti\u0107<\/span><\/td><\/tr><tr><td>\u00a0<\/td><td>\u00a0<\/td><\/tr><\/tbody><\/table>\t\t\t\t\t\t\t\t<\/div>\n\t\t\t\t<\/div>\n\t\t\t\t\t<\/div>\n\t\t<\/div>\n\t\t\t\t<div class=\"elementor-column elementor-col-50 elementor-top-column elementor-element elementor-element-132f22f\" data-id=\"132f22f\" data-element_type=\"column\" data-e-type=\"column\">\n\t\t\t<div class=\"elementor-widget-wrap elementor-element-populated\">\n\t\t\t\t\t\t<div class=\"elementor-element elementor-element-16fe740 elementor-widget elementor-widget-text-editor\" data-id=\"16fe740\" data-element_type=\"widget\" data-e-type=\"widget\" data-widget_type=\"text-editor.default\">\n\t\t\t\t<div class=\"elementor-widget-container\">\n\t\t\t\t\t\t\t\t\t<p><strong><span style=\"color: #be1e2d; font-size: 20px;\">CLUB<\/span><\/strong><br \/><strong>MANAGEMENT<\/strong><br \/><strong data-start=\"216\" data-end=\"238\">BOARD OF DIRECTORS<\/strong><br data-start=\"238\" data-end=\"241\" \/><strong>CHARTER AND RULES<\/strong><br \/><strong>SPONSORS<\/strong><\/p>\t\t\t\t\t\t\t\t<\/div>\n\t\t\t\t<\/div>\n\t\t\t\t\t<\/div>\n\t\t<\/div>\n\t\t\t\t\t<\/div>\n\t\t<\/section>\n\t\t\t\t<\/div>\n\t\t","protected":false},"excerpt":{"rendered":"<p>club management Position Full Name Club President Milo\u0161 Nenezi\u0107 Assembly President Du\u0161an Stankovi\u0107 Club Vice President Marko Mi\u0161kovi\u0107 Club Director Vladimir Arsi\u0107 General Secretary Valentina Vasi\u0107 Financial Director Tatjana Malini\u0107 Director of Football Development Alen Melunovi\u0107 PR manager Sanja Milutinovi\u0107 Match Organization Officer Milan Jevti\u0107 \u00a0 \u00a0 CLUBMANAGEMENTBOARD OF DIRECTORSCHARTER AND RULESSPONSORS<\/p>\n","protected":false},"author":3,"featured_media":0,"parent":0,"menu_order":0,"comment_status":"closed","ping_status":"closed","template":"","meta":{"site-sidebar-layout":"no-sidebar","site-content-layout":"page-builder","ast-site-content-layout":"default","site-content-style":"default","site-sidebar-style":"default","ast-global-header-display":"","ast-banner-title-visibility":"","ast-main-header-display":"","ast-hfb-above-header-display":"","ast-hfb-below-header-display":"","ast-hfb-mobile-header-display":"","site-post-title":"disabled","ast-breadcrumbs-content":"","ast-featured-img":"disabled","footer-sml-layout":"","ast-disable-related-posts":"","theme-transparent-header-meta":"","adv-header-id-meta":"","stick-header-meta":"","header-above-stick-meta":"","header-main-stick-meta":"","header-below-stick-meta":"","astra-migrate-meta-layouts":"default","ast-page-background-enabled":"default","ast-page-background-meta":{"desktop":{"background-color":"","background-image":"","background-repeat":"repeat","background-position":"center center","background-size":"auto","background-attachment":"scroll","background-type":"","background-media":"","overlay-type":"","overlay-color":"","overlay-opacity":"","overlay-gradient":""},"tablet":{"background-color":"","background-image":"","background-repeat":"repeat","background-position":"center center","background-size":"auto","background-attachment":"scroll","background-type":"","background-media":"","overlay-type":"","overlay-color":"","overlay-opacity":"","overlay-gradient":""},"mobile":{"background-color":"","background-image":"","background-repeat":"repeat","background-position":"center center","background-size":"auto","background-attachment":"scroll","background-type":"","background-media":"","overlay-type":"","overlay-color":"","overlay-opacity":"","overlay-gradient":""}},"ast-content-background-meta":{"desktop":{"background-color":"var(--ast-global-color-5)","background-image":"","background-repeat":"repeat","background-position":"center center","background-size":"auto","background-attachment":"scroll","background-type":"","background-media":"","overlay-type":"","overlay-color":"","overlay-opacity":"","overlay-gradient":""},"tablet":{"background-color":"var(--ast-global-color-5)","background-image":"","background-repeat":"repeat","background-position":"center center","background-size":"auto","background-attachment":"scroll","background-type":"","background-media":"","overlay-type":"","overlay-color":"","overlay-opacity":"","overlay-gradient":""},"mobile":{"background-color":"var(--ast-global-color-5)","background-image":"","background-repeat":"repeat","background-position":"center center","background-size":"auto","background-attachment":"scroll","background-type":"","background-media":"","overlay-type":"","overlay-color":"","overlay-opacity":"","overlay-gradient":""}},"footnotes":""},"class_list":["post-20957","page","type-page","status-publish","hentry"],"_links":{"self":[{"href":"https:\/\/fknapredak.rs\/en\/wp-json\/wp\/v2\/pages\/20957","targetHints":{"allow":["GET"]}}],"collection":[{"href":"https:\/\/fknapredak.rs\/en\/wp-json\/wp\/v2\/pages"}],"about":[{"href":"https:\/\/fknapredak.rs\/en\/wp-json\/wp\/v2\/types\/page"}],"author":[{"embeddable":true,"href":"https:\/\/fknapredak.rs\/en\/wp-json\/wp\/v2\/users\/3"}],"replies":[{"embeddable":true,"href":"https:\/\/fknapredak.rs\/en\/wp-json\/wp\/v2\/comments?post=20957"}],"version-history":[{"count":4,"href":"https:\/\/fknapredak.rs\/en\/wp-json\/wp\/v2\/pages\/20957\/revisions"}],"predecessor-version":[{"id":20961,"href":"https:\/\/fknapredak.rs\/en\/wp-json\/wp\/v2\/pages\/20957\/revisions\/20961"}],"wp:attachment":[{"href":"https:\/\/fknapredak.rs\/en\/wp-json\/wp\/v2\/media?parent=20957"}],"curies":[{"name":"wp","href":"https:\/\/api.w.org\/{rel}","templated":true}]}}